{"id":1766265,"date":"2024-10-05T12:12:48","date_gmt":"2024-10-05T12:12:48","guid":{"rendered":"https:\/\/thetri-core.com\/wp\/?post_type=product&#038;p=1766265"},"modified":"2024-11-01T18:27:38","modified_gmt":"2024-11-01T18:27:38","slug":"kiara-reju","status":"publish","type":"product","link":"https:\/\/thetri-core.com\/wp\/producto\/kiara-reju\/","title":{"rendered":"Kiara Reju"},"content":{"rendered":"<p>[et_pb_section fb_built=\u00bb1&#8243; _builder_version=\u00bb4.16&#8243; custom_padding=\u00bb0px||||false|false\u00bb global_colors_info=\u00bb{}\u00bb][et_pb_row _builder_version=\u00bb4.16&#8243; background_size=\u00bbinitial\u00bb background_position=\u00bbtop_left\u00bb background_repeat=\u00bbrepeat\u00bb width=\u00bb100%\u00bb custom_padding=\u00bb0px||0px||false|false\u00bb global_colors_info=\u00bb{}\u00bb][et_pb_column type=\u00bb4_4&#8243; _builder_version=\u00bb4.16&#8243; custom_padding=\u00bb|||\u00bb global_colors_info=\u00bb{}\u00bb custom_padding__hover=\u00bb|||\u00bb][et_pb_wc_breadcrumb _builder_version=\u00bb4.16&#8243; global_colors_info=\u00bb{}\u00bb][\/et_pb_wc_breadcrumb][et_pb_wc_cart_notice _builder_version=\u00bb4.27.2&#8243; background_color=\u00bb#ab8e7e\u00bb global_colors_info=\u00bb{}\u00bb][\/et_pb_wc_cart_notice][\/et_pb_column][\/et_pb_row][et_pb_row column_structure=\u00bb1_2,1_2&#8243; _builder_version=\u00bb4.16&#8243; background_size=\u00bbinitial\u00bb background_position=\u00bbtop_left\u00bb background_repeat=\u00bbrepeat\u00bb width=\u00bb100%\u00bb custom_padding=\u00bb0px||||false|false\u00bb global_colors_info=\u00bb{}\u00bb][et_pb_column type=\u00bb1_2&#8243; _builder_version=\u00bb4.16&#8243; custom_padding=\u00bb|||\u00bb global_colors_info=\u00bb{}\u00bb custom_padding__hover=\u00bb|||\u00bb][et_pb_wc_images _builder_version=\u00bb4.16&#8243; global_colors_info=\u00bb{}\u00bb][\/et_pb_wc_images][\/et_pb_column][et_pb_column type=\u00bb1_2&#8243; _builder_version=\u00bb4.16&#8243; custom_padding=\u00bb|||\u00bb global_colors_info=\u00bb{}\u00bb custom_padding__hover=\u00bb|||\u00bb][et_pb_wc_title _builder_version=\u00bb4.16&#8243; global_colors_info=\u00bb{}\u00bb][\/et_pb_wc_title][et_pb_wc_rating _builder_version=\u00bb4.27.2&#8243; rating_text_color=\u00bb#ab8e7e\u00bb global_colors_info=\u00bb{}\u00bb][\/et_pb_wc_rating][et_pb_wc_price _builder_version=\u00bb4.27.2&#8243; body_text_color=\u00bb#ab8e7e\u00bb global_colors_info=\u00bb{}\u00bb][\/et_pb_wc_price][et_pb_wc_description _builder_version=\u00bb4.27.2&#8243; text_orientation=\u00bbjustified\u00bb global_colors_info=\u00bb{}\u00bb][\/et_pb_wc_description][et_pb_wc_add_to_cart _builder_version=\u00bb4.27.2&#8243; custom_button=\u00bbon\u00bb button_text_color=\u00bb#ab8e7e\u00bb button_border_color=\u00bb#ab8e7e\u00bb global_colors_info=\u00bb{}\u00bb][\/et_pb_wc_add_to_cart][et_pb_wc_meta _builder_version=\u00bb4.16&#8243; global_colors_info=\u00bb{}\u00bb][\/et_pb_wc_meta][\/et_pb_column][\/et_pb_row][et_pb_row _builder_version=\u00bb4.16&#8243; background_size=\u00bbinitial\u00bb background_position=\u00bbtop_left\u00bb background_repeat=\u00bbrepeat\u00bb width=\u00bb100%\u00bb global_colors_info=\u00bb{}\u00bb][et_pb_column type=\u00bb4_4&#8243; _builder_version=\u00bb4.16&#8243; custom_padding=\u00bb|||\u00bb global_colors_info=\u00bb{}\u00bb custom_padding__hover=\u00bb|||\u00bb][et_pb_wc_tabs _builder_version=\u00bb4.27.2&#8243; body_text_align=\u00bbjustify\u00bb global_colors_info=\u00bb{}\u00bb]\t\t\t\t\t[\/et_pb_wc_tabs][et_pb_wc_upsells _builder_version=\u00bb4.16&#8243; global_colors_info=\u00bb{}\u00bb][\/et_pb_wc_upsells][et_pb_wc_related_products _builder_version=\u00bb4.16&#8243; global_colors_info=\u00bb{}\u00bb][\/et_pb_wc_related_products][\/et_pb_column][\/et_pb_row][\/et_pb_section]<\/p>\n","protected":false},"excerpt":{"rendered":"<p>Composici\u00f3n del producto: AH 20 mg \/ PDRN 5 mg \/ Niacinamida 1<\/p>\n","protected":false},"featured_media":1766465,"comment_status":"open","ping_status":"closed","template":"","meta":{"_et_pb_use_builder":"on","_et_pb_old_content":"Kiara Reju es una l\u00ednea de potenciadores de la piel basada en polidesoxirribonucle\u00f3tidos (PDRN), \u00e1cido hialur\u00f3nico (AH) y niacinamida. PDRN act\u00faa como un potente agente antienvejecimiento, promoviendo la regeneraci\u00f3n del tejido.\r\n\r\n<strong>Fortalezas de Kiara Reju:<\/strong>\r\n<ul>\r\n \t<li>Mejora la elasticidad, tono y estructura de la piel.<\/li>\r\n \t<li>Proporciona una hidrataci\u00f3n prolongada.<\/li>\r\n \t<li>Estimula la regeneraci\u00f3n de todas las capas de la piel.<\/li>\r\n \t<li>Ayuda a restaurar la barrera epid\u00e9rmica.<\/li>\r\n \t<li>Activa la microcirculaci\u00f3n en la piel.<\/li>\r\n<\/ul>\r\n<strong>\u00c1reas de aplicaci\u00f3n de Kiara Reju:<\/strong>\r\n<ul>\r\n \t<li>Trata los primeros signos de envejecimiento, como arrugas finas y superficiales.<\/li>\r\n \t<li>Repara la piel da\u00f1ada por la exposici\u00f3n a rayos UV o tratamientos cosm\u00e9ticos excesivos.<\/li>\r\n \t<li>Mejora la textura y el tono de la piel.<\/li>\r\n \t<li>Suaviza cicatrices de acn\u00e9 y otras imperfecciones.<\/li>\r\n \t<li>Reduce la pigmentaci\u00f3n no deseada.<\/li>\r\n<\/ul>\r\nKiara Reju puede durar hasta 12 meses.\r\n\r\n3 jeringas \u00d7 2.2 ml por paquete","_et_gb_content_width":""},"product_brand":[],"product_cat":[24],"product_tag":[],"class_list":{"0":"post-1766265","1":"product","2":"type-product","3":"status-publish","4":"has-post-thumbnail","6":"product_cat-bioestimuladores","8":"first","9":"instock","10":"taxable","11":"shipping-taxable","12":"purchasable","13":"product-type-simple"},"jetpack_sharing_enabled":true,"_links":{"self":[{"href":"https:\/\/thetri-core.com\/wp\/wp-json\/wp\/v2\/product\/1766265"}],"collection":[{"href":"https:\/\/thetri-core.com\/wp\/wp-json\/wp\/v2\/product"}],"about":[{"href":"https:\/\/thetri-core.com\/wp\/wp-json\/wp\/v2\/types\/product"}],"replies":[{"embeddable":true,"href":"https:\/\/thetri-core.com\/wp\/wp-json\/wp\/v2\/comments?post=1766265"}],"wp:featuredmedia":[{"embeddable":true,"href":"https:\/\/thetri-core.com\/wp\/wp-json\/wp\/v2\/media\/1766465"}],"wp:attachment":[{"href":"https:\/\/thetri-core.com\/wp\/wp-json\/wp\/v2\/media?parent=1766265"}],"wp:term":[{"taxonomy":"product_brand","embeddable":true,"href":"https:\/\/thetri-core.com\/wp\/wp-json\/wp\/v2\/product_brand?post=1766265"},{"taxonomy":"product_cat","embeddable":true,"href":"https:\/\/thetri-core.com\/wp\/wp-json\/wp\/v2\/product_cat?post=1766265"},{"taxonomy":"product_tag","embeddable":true,"href":"https:\/\/thetri-core.com\/wp\/wp-json\/wp\/v2\/product_tag?post=1766265"}],"curies":[{"name":"wp","href":"https:\/\/api.w.org\/{rel}","templated":true}]}}